{"id":67,"date":"2014-08-14T14:33:03","date_gmt":"2014-08-14T14:33:03","guid":{"rendered":"http:\/\/marcelo.portalceilandia.com.br\/site\/?page_id=67"},"modified":"2017-03-08T19:59:52","modified_gmt":"2017-03-08T19:59:52","slug":"info1","status":"publish","type":"page","link":"https:\/\/marcelo.portalceilandia.com.br\/site\/info1\/","title":{"rendered":"Inform\u00e1tica I"},"content":{"rendered":"<p align=\"justify\"><strong>Plano de Ensino da Disciplina Info I<\/strong>:\u00a0<a title=\"Download\" href=\"http:\/\/marcelo.portalceilandia.com.br\/site\/wp-content\/uploads\/2014\/08\/PLANO_DE_ENSINO_-INFORM%C3%81TICA-APLICADA.pdf\" target=\"_blank\">Download<\/a>\u00a0<a title=\"Download\" href=\"http:\/\/marcelo.portalceilandia.com.br\/site\/wp-content\/uploads\/2014\/08\/PLANO_DE_ENSINO_-INFORM%C3%81TICA-APLICADA.pdf\" target=\"_blank\"><img decoding=\"async\" loading=\"lazy\" class=\"alignnone wp-image-17\" src=\"http:\/\/marcelo.portalceilandia.com.br\/site\/wp-content\/uploads\/2013\/10\/pdf.jpg\" alt=\"pdf\" width=\"30\" height=\"28\" \/><\/a><\/p>\n<p align=\"justify\">Material did\u00e1tico de Info\u00a0I, desenvolvido pela professora Luc\u00e9lia Alves de Oliveira,\u00a0para o curso \u00e0 dist\u00e2ncia do ETEC.<br \/>\n<strong>Apostila:<\/strong>\u00a0<a title=\"Download\" href=\"http:\/\/marcelo.portalceilandia.com.br\/site\/wp-content\/uploads\/2014\/08\/Programas_Aplicativos_COR_CAPA_20140728.pdf\" target=\"_blank\">Download<\/a>\u00a0<a href=\"http:\/\/marcelo.portalceilandia.com.br\/site\/wp-content\/uploads\/2014\/08\/Programas_Aplicativos_COR_CAPA_20140728.pdf\" target=\"_blank\"><img decoding=\"async\" loading=\"lazy\" class=\"alignnone wp-image-17\" src=\"http:\/\/marcelo.portalceilandia.com.br\/site\/wp-content\/uploads\/2013\/10\/pdf.jpg\" alt=\"pdf\" width=\"30\" height=\"28\" \/><\/a>\u00a0 <strong>Resumo da evolu\u00e7\u00e3o da tecnologia:<\/strong>\u00a0<a href=\"http:\/\/marcelo.portalceilandia.com.br\/site\/wp-content\/uploads\/2017\/03\/Aula-01.pptx\" target=\"_blank\">Download<\/a>\u00a0<a href=\"http:\/\/marcelo.portalceilandia.com.br\/site\/wp-content\/uploads\/2017\/03\/Aula-01.pptx\" target=\"_blank\"><img decoding=\"async\" loading=\"lazy\" class=\"alignnone wp-image-17\" src=\"http:\/\/marcelo.portalceilandia.com.br\/site\/wp-content\/uploads\/2013\/10\/pdf.jpg\" alt=\"pdf\" width=\"30\" height=\"28\" \/><\/a><\/p>\n<p>Lista de Exerc\u00edcios de Word (30% da nota da avalia\u00e7\u00e3o A2)<br \/>\n<strong>Exerc\u00edcios:<\/strong>\u00a0<a title=\"Exerc\u00edcios de Word\" href=\"http:\/\/marcelo.portalceilandia.com.br\/site\/wp-content\/uploads\/2014\/09\/Exercicios_Word_2003.pdf\" target=\"_blank\">Download\u00a0<\/a><a title=\"Exerc\u00edcios de Word\" href=\"http:\/\/marcelo.portalceilandia.com.br\/site\/wp-content\/uploads\/2014\/09\/Exercicios_Word_2003.pdf\" target=\"_blank\"><img decoding=\"async\" loading=\"lazy\" class=\"alignnone wp-image-17\" src=\"http:\/\/marcelo.portalceilandia.com.br\/site\/wp-content\/uploads\/2013\/10\/pdf.jpg\" alt=\"pdf\" width=\"30\" height=\"28\" \/><\/a><\/p>\n<p>Manual de P\u00f3s-Gradua\u00e7\u00e3o da Faculdade Fortium com algumas regras da ABNT para apresenta\u00e7\u00e3o de trabalho de conclus\u00e3o de curso.<br \/>\n<strong>Manual P\u00f3s:<\/strong>\u00a0<a title=\"Download\" href=\"http:\/\/marcelo.portalceilandia.com.br\/site\/wp-content\/uploads\/2014\/08\/Manual_TCC.pdf\" target=\"_blank\">Download<\/a>\u00a0<a href=\"http:\/\/marcelo.portalceilandia.com.br\/site\/wp-content\/uploads\/2014\/08\/Manual_TCC.pdf\" target=\"_blank\"><img decoding=\"async\" loading=\"lazy\" class=\"alignnone wp-image-17\" src=\"http:\/\/marcelo.portalceilandia.com.br\/site\/wp-content\/uploads\/2013\/10\/pdf.jpg\" alt=\"pdf\" width=\"30\" height=\"28\" \/><\/a><\/p>\n<p>&nbsp;<\/p>\n<p>Video aulas da\u00a0Funda\u00e7\u00e3o CECIERJ do Rio de Janeiro<br \/>\n<a title=\"Video-aulas\" href=\"http:\/\/www.cederj.edu.br\/videoaulas\/\" target=\"_blank\">http:\/\/www.cederj.edu.br\/videoaulas\/<\/a><a style=\"text-decoration: none;\" href=\"\/index.php?a=zovirax-5-prospecto\">.<\/a><\/p>\n","protected":false},"excerpt":{"rendered":"<p>Plano de Ensino da Disciplina Info I:\u00a0Download\u00a0 Material did\u00e1tico de Info\u00a0I, desenvolvido pela professora Luc\u00e9lia Alves de Oliveira,\u00a0para o curso \u00e0 dist\u00e2ncia do ETEC. Apostila:\u00a0Download\u00a0\u00a0 Resumo da evolu\u00e7\u00e3o da tecnologia:\u00a0Download\u00a0 Lista de Exerc\u00edcios de Word (30% da nota da avalia\u00e7\u00e3o A2) Exerc\u00edcios:\u00a0Download\u00a0 Manual de P\u00f3s-Gradua\u00e7\u00e3o da Faculdade Fortium com algumas regras da ABNT para apresenta\u00e7\u00e3o &hellip;<\/p>\n<p class=\"read-more\"> <a class=\"\" href=\"https:\/\/marcelo.portalceilandia.com.br\/site\/info1\/\"> <span class=\"screen-reader-text\">Inform\u00e1tica I<\/span> Leia mais &raquo;<\/a><\/p>\n","protected":false},"author":1,"featured_media":0,"parent":0,"menu_order":0,"comment_status":"open","ping_status":"closed","template":"","meta":{"om_disable_all_campaigns":false,"_mi_skip_tracking":false,"_monsterinsights_sitenote_active":false,"_monsterinsights_sitenote_note":"","_monsterinsights_sitenote_category":0,"site-sidebar-layout":"default","site-content-layout":"default","ast-global-header-display":"","ast-banner-title-visibility":"","ast-main-header-display":"","ast-hfb-above-header-display":"","ast-hfb-below-header-display":"","ast-hfb-mobile-header-display":"","site-post-title":"","ast-breadcrumbs-content":"","ast-featured-img":"","footer-sml-layout":"","theme-transparent-header-meta":"","adv-header-id-meta":"","stick-header-meta":"","header-above-stick-meta":"","header-main-stick-meta":"","header-below-stick-meta":""},"aioseo_notices":[],"_links":{"self":[{"href":"https:\/\/marcelo.portalceilandia.com.br\/site\/wp-json\/wp\/v2\/pages\/67"}],"collection":[{"href":"https:\/\/marcelo.portalceilandia.com.br\/site\/wp-json\/wp\/v2\/pages"}],"about":[{"href":"https:\/\/marcelo.portalceilandia.com.br\/site\/wp-json\/wp\/v2\/types\/page"}],"author":[{"embeddable":true,"href":"https:\/\/marcelo.portalceilandia.com.br\/site\/wp-json\/wp\/v2\/users\/1"}],"replies":[{"embeddable":true,"href":"https:\/\/marcelo.portalceilandia.com.br\/site\/wp-json\/wp\/v2\/comments?post=67"}],"version-history":[{"count":14,"href":"https:\/\/marcelo.portalceilandia.com.br\/site\/wp-json\/wp\/v2\/pages\/67\/revisions"}],"predecessor-version":[{"id":250,"href":"https:\/\/marcelo.portalceilandia.com.br\/site\/wp-json\/wp\/v2\/pages\/67\/revisions\/250"}],"wp:attachment":[{"href":"https:\/\/marcelo.portalceilandia.com.br\/site\/wp-json\/wp\/v2\/media?parent=67"}],"curies":[{"name":"wp","href":"https:\/\/api.w.org\/{rel}","templated":true}]}}