{"id":287,"date":"2017-08-25T01:45:58","date_gmt":"2017-08-25T01:45:58","guid":{"rendered":"http:\/\/marcelo.portalceilandia.com.br\/site\/?page_id=287"},"modified":"2020-07-03T04:50:58","modified_gmt":"2020-07-03T04:50:58","slug":"seja-muito-bem-vindo","status":"publish","type":"page","link":"https:\/\/marcelo.portalceilandia.com.br\/site\/","title":{"rendered":"Seja muito bem-vindo"},"content":{"rendered":"<p>Este site foi desenvolvido para disponibilizar material did\u00e1tico do curso T\u00e9cnico em Inform\u00e1tica da Escola T\u00e9cnica de Bras\u00edlia &#8211; ETB.<\/p>\n<p>Deixe seu coment\u00e1rio com d\u00favidas, sugest\u00f5es, cr\u00edticas e\/ou elogios.<\/p>\n<p>Que voc\u00ea acha de se tornar um desenvolvedor web fullstack? <strong><span style=\"color: #0000ff;\"><em>Clique no link abaixo<\/em><\/span><\/strong> para conhecer um dos cursos <strong>mais completos<\/strong> do mercado que j\u00e1 transformou a vida v\u00e1rios programadores, ensinando do absoluto <strong>ZERO<\/strong> ao <em><strong>Profissional<\/strong><\/em>.<\/p>\n<p style=\"text-align: center;\"><a href=\"https:\/\/go.hotmart.com\/R8407333R?ap=7cc1\" target=\"_blank\" rel=\"noopener noreferrer\"><img decoding=\"async\" loading=\"lazy\" class=\"image wp-image-96 attachment-medium size-medium aligncenter\" style=\"max-width: 100%; height: auto;\" src=\"\/\/marcelosantos.bsb.br\/wp-content\/uploads\/2018\/09\/full-stack-banner-seta-300x150.jpg\" sizes=\"(max-width: 300px) 100vw, 300px\" srcset=\"\/\/marcelosantos.bsb.br\/wp-content\/uploads\/2018\/09\/full-stack-banner-seta-300x150.jpg 300w, http:\/\/marcelosantos.bsb.br\/wp-content\/uploads\/2018\/09\/full-stack-banner-seta.jpg 314w\" alt=\"\" width=\"300\" height=\"150\" \/>Corra e aproveite o pre\u00e7o promocional<\/a><\/p>\n<p>Tenho tamb\u00e9m um Blog que irei alimentar com dicas e alguns tutoriais sobre o desenvolvimento de sistemas web.<\/p>\n<p>Acesse:\u00a0<a href=\"http:\/\/marcelosantos.bsb.br\" target=\"_blank\" rel=\"noopener noreferrer\">marcelosantos.bsb.br<\/a><\/p>\n<p>Forte abra\u00e7o!<\/p>\n","protected":false},"excerpt":{"rendered":"<p>Este site foi desenvolvido para disponibilizar material did\u00e1tico do curso T\u00e9cnico em Inform\u00e1tica da Escola T\u00e9cnica de Bras\u00edlia &#8211; ETB. Deixe seu coment\u00e1rio com d\u00favidas, sugest\u00f5es, cr\u00edticas e\/ou elogios. Que voc\u00ea acha de se tornar um desenvolvedor web fullstack? Clique no link abaixo para conhecer um dos cursos mais completos do mercado que j\u00e1 transformou &hellip;<\/p>\n<p class=\"read-more\"> <a class=\"\" href=\"https:\/\/marcelo.portalceilandia.com.br\/site\/\"> <span class=\"screen-reader-text\">Seja muito bem-vindo<\/span> Leia mais &raquo;<\/a><\/p>\n","protected":false},"author":1,"featured_media":0,"parent":0,"menu_order":0,"comment_status":"open","ping_status":"closed","template":"","meta":{"om_disable_all_campaigns":false,"_mi_skip_tracking":false,"_monsterinsights_sitenote_active":false,"_monsterinsights_sitenote_note":"","_monsterinsights_sitenote_category":0,"site-sidebar-layout":"default","site-content-layout":"default","ast-global-header-display":"","ast-banner-title-visibility":"","ast-main-header-display":"","ast-hfb-above-header-display":"","ast-hfb-below-header-display":"","ast-hfb-mobile-header-display":"","site-post-title":"","ast-breadcrumbs-content":"","ast-featured-img":"","footer-sml-layout":"","theme-transparent-header-meta":"","adv-header-id-meta":"","stick-header-meta":"","header-above-stick-meta":"","header-main-stick-meta":"","header-below-stick-meta":""},"aioseo_notices":[],"_links":{"self":[{"href":"https:\/\/marcelo.portalceilandia.com.br\/site\/wp-json\/wp\/v2\/pages\/287"}],"collection":[{"href":"https:\/\/marcelo.portalceilandia.com.br\/site\/wp-json\/wp\/v2\/pages"}],"about":[{"href":"https:\/\/marcelo.portalceilandia.com.br\/site\/wp-json\/wp\/v2\/types\/page"}],"author":[{"embeddable":true,"href":"https:\/\/marcelo.portalceilandia.com.br\/site\/wp-json\/wp\/v2\/users\/1"}],"replies":[{"embeddable":true,"href":"https:\/\/marcelo.portalceilandia.com.br\/site\/wp-json\/wp\/v2\/comments?post=287"}],"version-history":[{"count":8,"href":"https:\/\/marcelo.portalceilandia.com.br\/site\/wp-json\/wp\/v2\/pages\/287\/revisions"}],"predecessor-version":[{"id":474,"href":"https:\/\/marcelo.portalceilandia.com.br\/site\/wp-json\/wp\/v2\/pages\/287\/revisions\/474"}],"wp:attachment":[{"href":"https:\/\/marcelo.portalceilandia.com.br\/site\/wp-json\/wp\/v2\/media?parent=287"}],"curies":[{"name":"wp","href":"https:\/\/api.w.org\/{rel}","templated":true}]}}