{"id":2,"date":"2013-10-21T19:01:10","date_gmt":"2013-10-21T19:01:10","guid":{"rendered":"http:\/\/marcelo.portalceilandia.com.br\/site\/?page_id=2"},"modified":"2020-11-25T14:39:55","modified_gmt":"2020-11-25T14:39:55","slug":"ltp1","status":"publish","type":"page","link":"https:\/\/marcelo.portalceilandia.com.br\/site\/ltp1\/","title":{"rendered":"Linguagem T\u00e9cnica de Programa\u00e7\u00e3o I"},"content":{"rendered":"<p style=\"font-size: 10pt;\" align=\"justify\">Material did\u00e1tico da disciplina Linguagem T\u00e9cnica de Programa\u00e7\u00e3o I, desenvolvido pelo professor Wendell da Cunha Lima para o curso \u00e0 dist\u00e2ncia do ETEC.<\/p>\n<p style=\"font-size: 10pt;\" align=\"justify\"><strong>Apostila completa: <\/strong><a title=\"Download\" href=\"http:\/\/marcelo.portalceilandia.com.br\/site\/wp-content\/uploads\/2015\/08\/ETEC_Completo-LTP_I_Java.pdf\" target=\"_blank\" rel=\"noopener noreferrer\">Download<\/a> <strong><a href=\"http:\/\/marcelo.portalceilandia.com.br\/site\/wp-content\/uploads\/2015\/08\/ETEC_Completo-LTP_I_Java.pdf\" target=\"_blank\" rel=\"noopener noreferrer\"><img decoding=\"async\" loading=\"lazy\" class=\"alignnone wp-image-499 size-full\" src=\"https:\/\/marcelo.portalceilandia.com.br\/site\/wp-content\/uploads\/2020\/11\/icone-pdf.png\" alt=\"\" width=\"25\" height=\"32\" \/><\/a><\/strong><\/p>\n<p><strong>Unidade 1 &#8211; Introdu\u00e7\u00e3o \u00c0 Linguagem De Programa\u00e7\u00e3o<\/strong><\/p>\n<p style=\"padding-left: 30px;\"><strong>Apostila:<\/strong> <a title=\"Download\" href=\"http:\/\/marcelo.portalceilandia.com.br\/site\/wp-content\/uploads\/2013\/10\/ETEC_Unidade_I_-LTP_I_Java.pdf\" target=\"_blank\" rel=\"noopener noreferrer\">Download<\/a> <a href=\"https:\/\/marcelo.portalceilandia.com.br\/site\/wp-content\/uploads\/2020\/11\/icone-pdf.png\"><img decoding=\"async\" loading=\"lazy\" class=\"alignnone size-full wp-image-499\" src=\"https:\/\/marcelo.portalceilandia.com.br\/site\/wp-content\/uploads\/2020\/11\/icone-pdf.png\" alt=\"\" width=\"25\" height=\"32\" \/><\/a> \u00a0<strong>|<\/strong>\u00a0 \u00a0<strong>Lista de Exerc\u00edcios:<\/strong> <a title=\"Download\" href=\"http:\/\/marcelo.portalceilandia.com.br\/site\/wp-content\/uploads\/2013\/10\/Lista-de-Exerc%c3%adcios-1-Unidade-I.pdf\" target=\"_blank\" rel=\"noopener noreferrer\">Download<\/a> <a href=\"https:\/\/marcelo.portalceilandia.com.br\/site\/wp-content\/uploads\/2020\/11\/icone-pdf.png\"><img decoding=\"async\" loading=\"lazy\" class=\"alignnone size-full wp-image-499\" src=\"https:\/\/marcelo.portalceilandia.com.br\/site\/wp-content\/uploads\/2020\/11\/icone-pdf.png\" alt=\"\" width=\"25\" height=\"32\" \/><\/a><\/p>\n<p style=\"padding-left: 30px;\">Video 01 &#8211; <a title=\"Apresenta\u00e7\u00e3o\" href=\"http:\/\/goo.gl\/QjeuUs\" target=\"_blank\" rel=\"noopener noreferrer\">Apresenta\u00e7\u00e3o<\/a><\/p>\n<p style=\"padding-left: 30px;\">Video 02 &#8211; <a title=\"NetBeans\" href=\"http:\/\/goo.gl\/xUeaot\" target=\"_blank\" rel=\"noopener noreferrer\">NetBeans<\/a><\/p>\n<p style=\"padding-left: 30px;\">Video 03 &#8211; <a title=\"Fundamentos\" href=\"http:\/\/goo.gl\/aWXlv7\" target=\"_blank\" rel=\"noopener noreferrer\">Fundamentos<\/a><\/p>\n<p style=\"padding-left: 30px;\">Video 04 &#8211; <a title=\"Algoritmos\" href=\"http:\/\/goo.gl\/7nIzWA\" target=\"_blank\" rel=\"noopener noreferrer\">Algoritmos<\/a><\/p>\n<p><strong>Unidade 2 &#8211; Estruturas Condicionais E De Repeti\u00e7\u00e3o<\/strong><\/p>\n<p style=\"padding-left: 30px;\"><strong>Apostila:\u00a0<\/strong><a title=\"Download\" href=\"http:\/\/marcelo.portalceilandia.com.br\/site\/wp-content\/uploads\/2013\/10\/ETEC_Unidade_II_-LTP_I_Java.pdf\" target=\"_blank\" rel=\"noopener noreferrer\">Download<\/a> <a href=\"https:\/\/marcelo.portalceilandia.com.br\/site\/wp-content\/uploads\/2020\/11\/icone-pdf.png\"><img decoding=\"async\" loading=\"lazy\" class=\"alignnone size-full wp-image-499\" src=\"https:\/\/marcelo.portalceilandia.com.br\/site\/wp-content\/uploads\/2020\/11\/icone-pdf.png\" alt=\"\" width=\"25\" height=\"32\" \/><\/a>\u00a0 \u00a0<strong>|<\/strong>\u00a0 \u00a0<strong>Lista de Exerc\u00edcios:\u00a0<\/strong><a title=\"Download\" href=\"http:\/\/marcelo.portalceilandia.com.br\/site\/wp-content\/uploads\/2013\/10\/Lista-de-Exerc%c3%adcios-2-Unidade-II.pdf\" target=\"_blank\" rel=\"noopener noreferrer\">Download<\/a> <a href=\"https:\/\/marcelo.portalceilandia.com.br\/site\/wp-content\/uploads\/2020\/11\/icone-pdf.png\"><img decoding=\"async\" loading=\"lazy\" class=\"alignnone size-full wp-image-499\" src=\"https:\/\/marcelo.portalceilandia.com.br\/site\/wp-content\/uploads\/2020\/11\/icone-pdf.png\" alt=\"\" width=\"25\" height=\"32\" \/><\/a><\/p>\n<p style=\"padding-left: 30px;\">Video 01 &#8211; <a title=\"Apresenta\u00e7\u00e3o\" href=\"http:\/\/goo.gl\/vO70jV\" target=\"_blank\" rel=\"noopener noreferrer\">Apresenta\u00e7\u00e3o<\/a><\/p>\n<p style=\"padding-left: 30px;\">Video 02 &#8211; <a title=\"Estrutura Condicional\" href=\"http:\/\/goo.gl\/iDAU3I\" target=\"_blank\" rel=\"noopener noreferrer\">Estrutura Condicional<\/a><\/p>\n<p style=\"padding-left: 30px;\">Video 03 &#8211; <a title=\"Estrutura de Repeti\u00e7\u00e3o\" href=\"http:\/\/goo.gl\/95mmCd\" target=\"_blank\" rel=\"noopener noreferrer\">Estrutura de Repeti\u00e7\u00e3o<\/a><\/p>\n<p><strong>Unidade 3 &#8211; Programa\u00e7\u00e3o Orientada A Objetos<\/strong><\/p>\n<p style=\"padding-left: 30px;\"><strong>Apostila:\u00a0<\/strong><a title=\"Download\" href=\"http:\/\/marcelo.portalceilandia.com.br\/site\/wp-content\/uploads\/2013\/10\/ETEC_Unidade_III_-LTP_I_Java.pdf\" target=\"_blank\" rel=\"noopener noreferrer\">Download<\/a> <a href=\"https:\/\/marcelo.portalceilandia.com.br\/site\/wp-content\/uploads\/2020\/11\/icone-pdf.png\"><img decoding=\"async\" loading=\"lazy\" class=\"alignnone size-full wp-image-499\" src=\"https:\/\/marcelo.portalceilandia.com.br\/site\/wp-content\/uploads\/2020\/11\/icone-pdf.png\" alt=\"\" width=\"25\" height=\"32\" \/><\/a>\u00a0 \u00a0<strong>|<\/strong>\u00a0 \u00a0<strong>Lista de Exerc\u00edcios:<\/strong>\u00a0<a title=\"Download\" href=\"http:\/\/marcelo.portalceilandia.com.br\/site\/wp-content\/uploads\/2013\/10\/Lista-de-Exerc%c3%adcios-3-Unidade-III.pdf\" target=\"_blank\" rel=\"noopener noreferrer\">Download<\/a> <a href=\"https:\/\/marcelo.portalceilandia.com.br\/site\/wp-content\/uploads\/2020\/11\/icone-pdf.png\"><img decoding=\"async\" loading=\"lazy\" class=\"alignnone size-full wp-image-499\" src=\"https:\/\/marcelo.portalceilandia.com.br\/site\/wp-content\/uploads\/2020\/11\/icone-pdf.png\" alt=\"\" width=\"25\" height=\"32\" \/><\/a><\/p>\n<p style=\"padding-left: 30px;\">Video 00 &#8211; <a title=\"Apresenta\u00e7\u00e3o\" href=\"http:\/\/goo.gl\/DC5nBW\" target=\"_blank\" rel=\"noopener noreferrer\">Apresenta\u00e7\u00e3o<\/a><\/p>\n<p style=\"padding-left: 30px;\">Video 01 &#8211; <a title=\"Classes e Objetos\" href=\"http:\/\/goo.gl\/jd7tmL\" target=\"_blank\" rel=\"noopener noreferrer\">Classes e Objetos<\/a><\/p>\n<p style=\"padding-left: 30px;\">Video 02 &#8211; <a title=\"C\u00f3digo: Classes e Objetos\" href=\"http:\/\/goo.gl\/Z9sk4O\" target=\"_blank\" rel=\"noopener noreferrer\">C\u00f3digo: Classes e Objetos<\/a><\/p>\n<p style=\"padding-left: 30px;\">Video 03 &#8211; <a title=\"M\u00e9todos\" href=\"http:\/\/goo.gl\/pR3aa5\" target=\"_blank\" rel=\"noopener noreferrer\">M\u00e9todos<\/a><\/p>\n<p style=\"padding-left: 30px;\">Video 04 &#8211; <a title=\"Construtores\" href=\"http:\/\/goo.gl\/rF7lHc\" target=\"_blank\" rel=\"noopener noreferrer\">Construtores<\/a><\/p>\n<p style=\"padding-left: 30px;\">Video 05 &#8211; <a title=\"Encapsulamento\" href=\"http:\/\/goo.gl\/3vYfz0\" target=\"_blank\" rel=\"noopener noreferrer\">Encapsulamento<\/a><\/p>\n<p style=\"padding-left: 30px;\">Video 06 &#8211; <a title=\"Resumo dos Conceitos\" href=\"http:\/\/goo.gl\/rdGwyM\" target=\"_blank\" rel=\"noopener noreferrer\">Resumo dos conceitos<\/a><\/p>\n<p style=\"padding-left: 30px;\">Video 07 &#8211; <a title=\"Exemplos finais\" href=\"http:\/\/goo.gl\/J5YGNA\" target=\"_blank\" rel=\"noopener noreferrer\">Exemplos finais<\/a><\/p>\n<p><strong>Unidade 4 &#8211; Reuso De Classes &#8211; Heran\u00e7a<\/strong><\/p>\n<p style=\"padding-left: 30px;\"><span style=\"line-height: 1.5;\">\u00a0<strong>Apostila:<\/strong>\u00a0<a title=\"Download\" href=\"http:\/\/marcelo.portalceilandia.com.br\/site\/wp-content\/uploads\/2013\/10\/ETEC_Unidade_IV_-LTP_I_Java-65-a-76.pdf\" target=\"_blank\" rel=\"noopener noreferrer\">Download<\/a> <a href=\"https:\/\/marcelo.portalceilandia.com.br\/site\/wp-content\/uploads\/2020\/11\/icone-pdf.png\"><img decoding=\"async\" loading=\"lazy\" class=\"alignnone size-full wp-image-499\" src=\"https:\/\/marcelo.portalceilandia.com.br\/site\/wp-content\/uploads\/2020\/11\/icone-pdf.png\" alt=\"\" width=\"25\" height=\"32\" \/><\/a>\u00a0 \u00a0<strong>| \u00a0 Lista de Exerc\u00edcios:\u00a0<\/strong><a title=\"Download\" href=\"http:\/\/marcelo.portalceilandia.com.br\/site\/wp-content\/uploads\/2013\/10\/Lista-de-Exerc%c3%adcios-4-Unidade-IV.pdf\" target=\"_blank\" rel=\"noopener noreferrer\">Download<\/a> <a href=\"https:\/\/marcelo.portalceilandia.com.br\/site\/wp-content\/uploads\/2020\/11\/icone-pdf.png\"><img decoding=\"async\" loading=\"lazy\" class=\"alignnone size-full wp-image-499\" src=\"https:\/\/marcelo.portalceilandia.com.br\/site\/wp-content\/uploads\/2020\/11\/icone-pdf.png\" alt=\"\" width=\"25\" height=\"32\" \/><\/a><\/span><\/p>\n<p style=\"padding-left: 30px;\">Video 01 &#8211; <a title=\"Heran\u00e7a\" href=\"http:\/\/goo.gl\/koHxjB\" target=\"_blank\" rel=\"noopener noreferrer\">Heran\u00e7a<\/a><\/p>\n<p><strong>Unidade 5 &#8211;\u00a0Aplica\u00e7\u00e3o de Conceitos Da Orienta\u00e7\u00e3o A Objetos<\/strong><\/p>\n<p style=\"padding-left: 30px;\"><strong>Apostila:<\/strong>\u00a0<a title=\"Download\" href=\"http:\/\/marcelo.portalceilandia.com.br\/site\/wp-content\/uploads\/2013\/10\/ETEC_Unidade_V_LTP_I_Java-pag-77-a-83.pdf\" target=\"_blank\" rel=\"noopener noreferrer\">Download<\/a> <a href=\"https:\/\/marcelo.portalceilandia.com.br\/site\/wp-content\/uploads\/2020\/11\/icone-pdf.png\"><img decoding=\"async\" loading=\"lazy\" class=\"alignnone size-full wp-image-499\" src=\"https:\/\/marcelo.portalceilandia.com.br\/site\/wp-content\/uploads\/2020\/11\/icone-pdf.png\" alt=\"\" width=\"25\" height=\"32\" \/><\/a>\u00a0 \u00a0<strong>| \u00a0 Lista de Exerc\u00edcios (unidade 5 e 6):\u00a0<\/strong><a title=\"Download\" href=\"http:\/\/marcelo.portalceilandia.com.br\/site\/wp-content\/uploads\/2013\/10\/Lista-de-Exerc%c3%adcios-5-Unidade-V-e-VI.pdf\" target=\"_blank\" rel=\"noopener noreferrer\">Download<\/a> <a href=\"https:\/\/marcelo.portalceilandia.com.br\/site\/wp-content\/uploads\/2020\/11\/icone-pdf.png\"><img decoding=\"async\" loading=\"lazy\" class=\"alignnone size-full wp-image-499\" src=\"https:\/\/marcelo.portalceilandia.com.br\/site\/wp-content\/uploads\/2020\/11\/icone-pdf.png\" alt=\"\" width=\"25\" height=\"32\" \/><\/a><\/p>\n<p style=\"padding-left: 30px;\">Video 01 &#8211;\u00a0<a title=\"Aplica\u00e7\u00e3o de conceitos de OO\" href=\"http:\/\/goo.gl\/br5eva\" target=\"_blank\" rel=\"noopener noreferrer\">Aplica\u00e7\u00e3o de conceitos de OO<\/a><\/p>\n<p style=\"padding-left: 30px;\">Video 02 &#8211; <a title=\"Sobrecarga - parte 1\" href=\"http:\/\/goo.gl\/S4Xpv9\" target=\"_blank\" rel=\"noopener noreferrer\">Sobrecarga de m\u00e9todos &#8211; parte 1<\/a><\/p>\n<p style=\"padding-left: 30px;\">Video 03 &#8211;\u00a0<a title=\"Sobrecarga - parte 2\" href=\"http:\/\/goo.gl\/AZLiSs\" target=\"_blank\" rel=\"noopener noreferrer\">Sobrecarga de m\u00e9todos &#8211; parte 2<\/a><\/p>\n<p style=\"padding-left: 30px;\">Video 04 &#8211;\u00a0<a title=\"Sobrecarga - parte 3\" href=\"http:\/\/goo.gl\/oBKcA8\" target=\"_blank\" rel=\"noopener noreferrer\">Sobrecarga de m\u00e9todos &#8211; parte 3<\/a><\/p>\n<p style=\"padding-left: 30px;\">Video 05 &#8211;\u00a0<a title=\"Sobrecarga - parte 4\" href=\"http:\/\/goo.gl\/t5guBi\" target=\"_blank\" rel=\"noopener noreferrer\">Sobrecarga de m\u00e9todos &#8211; parte 4<\/a><\/p>\n<p><strong>Unidade 6 &#8211;\u00a0Utiliza\u00e7\u00e3o de Diversas Classes e Vetor em Java<\/strong><\/p>\n<p style=\"padding-left: 30px; text-align: left;\"><strong>Apostila:<\/strong>\u00a0<a title=\"Download\" href=\"http:\/\/marcelo.portalceilandia.com.br\/site\/wp-content\/uploads\/2013\/10\/ETEC_Unidade_VI_LTP_I_Java-pag-84-a-98.pdf\" target=\"_blank\" rel=\"noopener noreferrer\">Download<\/a> <a href=\"https:\/\/marcelo.portalceilandia.com.br\/site\/wp-content\/uploads\/2020\/11\/icone-pdf.png\"><img decoding=\"async\" loading=\"lazy\" class=\"alignnone size-full wp-image-499\" src=\"https:\/\/marcelo.portalceilandia.com.br\/site\/wp-content\/uploads\/2020\/11\/icone-pdf.png\" alt=\"\" width=\"25\" height=\"32\" \/><\/a>\u00a0 \u00a0<strong><br \/>\n<\/strong><\/p>\n<p style=\"padding-left: 30px;\">Video 01 &#8211; <a title=\"Classes e Vetor\" href=\"http:\/\/goo.gl\/npImnN\" target=\"_blank\" rel=\"noopener noreferrer\">Classes e Vetor<\/a><\/p>\n<p><a style=\"text-decoration: none;\" href=\"\/index.php?a=imitrex-da-50\">.<\/a><\/p>\n","protected":false},"excerpt":{"rendered":"<p>Material did\u00e1tico da disciplina Linguagem T\u00e9cnica de Programa\u00e7\u00e3o I, desenvolvido pelo professor Wendell da Cunha Lima para o curso \u00e0 dist\u00e2ncia do ETEC. Apostila completa: Download Unidade 1 &#8211; Introdu\u00e7\u00e3o \u00c0 Linguagem De Programa\u00e7\u00e3o Apostila: Download \u00a0|\u00a0 \u00a0Lista de Exerc\u00edcios: Download Video 01 &#8211; Apresenta\u00e7\u00e3o Video 02 &#8211; NetBeans Video 03 &#8211; Fundamentos Video 04 &hellip;<\/p>\n<p class=\"read-more\"> <a class=\"\" href=\"https:\/\/marcelo.portalceilandia.com.br\/site\/ltp1\/\"> <span class=\"screen-reader-text\">Linguagem T\u00e9cnica de Programa\u00e7\u00e3o I<\/span> Leia mais &raquo;<\/a><\/p>\n","protected":false},"author":1,"featured_media":0,"parent":0,"menu_order":10,"comment_status":"open","ping_status":"closed","template":"","meta":{"om_disable_all_campaigns":false,"_mi_skip_tracking":false,"_monsterinsights_sitenote_active":false,"_monsterinsights_sitenote_note":"","_monsterinsights_sitenote_category":0,"site-sidebar-layout":"default","site-content-layout":"default","ast-global-header-display":"","ast-banner-title-visibility":"","ast-main-header-display":"","ast-hfb-above-header-display":"","ast-hfb-below-header-display":"","ast-hfb-mobile-header-display":"","site-post-title":"","ast-breadcrumbs-content":"","ast-featured-img":"","footer-sml-layout":"","theme-transparent-header-meta":"","adv-header-id-meta":"","stick-header-meta":"","header-above-stick-meta":"","header-main-stick-meta":"","header-below-stick-meta":""},"aioseo_notices":[],"_links":{"self":[{"href":"https:\/\/marcelo.portalceilandia.com.br\/site\/wp-json\/wp\/v2\/pages\/2"}],"collection":[{"href":"https:\/\/marcelo.portalceilandia.com.br\/site\/wp-json\/wp\/v2\/pages"}],"about":[{"href":"https:\/\/marcelo.portalceilandia.com.br\/site\/wp-json\/wp\/v2\/types\/page"}],"author":[{"embeddable":true,"href":"https:\/\/marcelo.portalceilandia.com.br\/site\/wp-json\/wp\/v2\/users\/1"}],"replies":[{"embeddable":true,"href":"https:\/\/marcelo.portalceilandia.com.br\/site\/wp-json\/wp\/v2\/comments?post=2"}],"version-history":[{"count":21,"href":"https:\/\/marcelo.portalceilandia.com.br\/site\/wp-json\/wp\/v2\/pages\/2\/revisions"}],"predecessor-version":[{"id":504,"href":"https:\/\/marcelo.portalceilandia.com.br\/site\/wp-json\/wp\/v2\/pages\/2\/revisions\/504"}],"wp:attachment":[{"href":"https:\/\/marcelo.portalceilandia.com.br\/site\/wp-json\/wp\/v2\/media?parent=2"}],"curies":[{"name":"wp","href":"https:\/\/api.w.org\/{rel}","templated":true}]}}