{"id":165,"date":"2017-02-16T10:57:17","date_gmt":"2017-02-16T10:57:17","guid":{"rendered":"http:\/\/marcelo.portalceilandia.com.br\/site\/?page_id=165"},"modified":"2017-10-19T00:41:18","modified_gmt":"2017-10-19T00:41:18","slug":"edlp","status":"publish","type":"page","link":"https:\/\/marcelo.portalceilandia.com.br\/site\/edlp\/","title":{"rendered":"Estrut. Dados e L\u00f3gica de Programa\u00e7\u00e3o"},"content":{"rendered":"<p><strong>Aplicativos<\/strong><\/p>\n<p><a href=\"http:\/\/marcelo.portalceilandia.com.br\/site\/wp-content\/uploads\/2017\/08\/visualgv25.zip\" target=\"_blank\" rel=\"noopener\"><img decoding=\"async\" loading=\"lazy\" class=\"alignnone wp-image-294\" src=\"http:\/\/marcelo.portalceilandia.com.br\/site\/wp-content\/uploads\/2016\/06\/zip-file.jpg\" alt=\"\" width=\"23\" height=\"23\" \/><\/a><a href=\"http:\/\/marcelo.portalceilandia.com.br\/site\/wp-content\/uploads\/2017\/08\/visualgv25.zip\" target=\"_blank\" rel=\"noopener\">VisualG<\/a>\u00a0 \u00a0<a href=\"http:\/\/marcelo.portalceilandia.com.br\/site\/wp-content\/uploads\/2017\/08\/pascalzim.zip\" target=\"_blank\" rel=\"noopener\"><img decoding=\"async\" loading=\"lazy\" class=\"alignnone wp-image-294\" src=\"http:\/\/marcelo.portalceilandia.com.br\/site\/wp-content\/uploads\/2016\/06\/zip-file.jpg\" alt=\"\" width=\"23\" height=\"23\" \/><\/a><a href=\"http:\/\/marcelo.portalceilandia.com.br\/site\/wp-content\/uploads\/2017\/08\/pascalzim.zip\" target=\"_blank\" rel=\"noopener\">PascalZim<\/a>\u00a0 \u00a0 <a href=\"http:\/\/marcelo.portalceilandia.com.br\/site\/wp-content\/uploads\/2017\/08\/Dev-Cpp.zip\" target=\"_blank\" rel=\"noopener\"><img decoding=\"async\" loading=\"lazy\" class=\"alignnone wp-image-294\" src=\"http:\/\/marcelo.portalceilandia.com.br\/site\/wp-content\/uploads\/2016\/06\/zip-file.jpg\" alt=\"\" width=\"23\" height=\"23\" \/><\/a><a href=\"http:\/\/marcelo.portalceilandia.com.br\/site\/wp-content\/uploads\/2017\/08\/Dev-Cpp.zip\" target=\"_blank\" rel=\"noopener\">Dev C++<\/a><\/p>\n<p><strong>Plano de Ensino<\/strong><br \/>\n<a title=\"Download\" href=\"http:\/\/marcelo.portalceilandia.com.br\/site\/wp-content\/uploads\/2017\/02\/00-Plano-de-Ensino.pdf\" target=\"_blank\" rel=\"noopener noreferrer\"><img decoding=\"async\" loading=\"lazy\" class=\"alignnone wp-image-17\" src=\"http:\/\/marcelo.portalceilandia.com.br\/site\/wp-content\/uploads\/2013\/10\/pdf.jpg\" alt=\"pdf\" width=\"30\" height=\"28\" \/><\/a><a title=\"Download\" href=\"http:\/\/marcelo.portalceilandia.com.br\/site\/wp-content\/uploads\/2017\/02\/00-Plano-de-Ensino.pdf\" target=\"_blank\" rel=\"noopener noreferrer\">Download<\/a><\/p>\n<p><strong>Apostila &#8211; VisualG + Pascal<\/strong><br \/>\n<a title=\"Download\" href=\"http:\/\/marcelo.portalceilandia.com.br\/site\/wp-content\/uploads\/2017\/02\/00-Apostila-Completa.pdf\" target=\"_blank\" rel=\"noopener noreferrer\"><img decoding=\"async\" loading=\"lazy\" class=\"alignnone wp-image-17\" src=\"http:\/\/marcelo.portalceilandia.com.br\/site\/wp-content\/uploads\/2013\/10\/pdf.jpg\" alt=\"pdf\" width=\"30\" height=\"28\" \/><\/a><a title=\"Download\" href=\"http:\/\/marcelo.portalceilandia.com.br\/site\/wp-content\/uploads\/2017\/02\/00-Apostila-Completa.pdf\" target=\"_blank\" rel=\"noopener noreferrer\">Download<\/a><\/p>\n<p><strong>Apostila &#8211; VisualG + C<br \/>\n<\/strong><a href=\"http:\/\/marcelo.portalceilandia.com.br\/site\/wp-content\/uploads\/2017\/02\/Apostila-C-ETB.pdf\" target=\"_blank\" rel=\"noopener noreferrer\"><img decoding=\"async\" loading=\"lazy\" class=\"alignnone wp-image-17\" src=\"http:\/\/marcelo.portalceilandia.com.br\/site\/wp-content\/uploads\/2013\/10\/pdf.jpg\" alt=\"pdf\" width=\"30\" height=\"28\" \/><\/a><a title=\"Download\" href=\"http:\/\/marcelo.portalceilandia.com.br\/site\/wp-content\/uploads\/2017\/02\/Apostila-C-ETB.pdf\" target=\"_blank\" rel=\"noopener noreferrer\">Download<\/a><\/p>\n<p><strong>Listas de Exerc\u00edcios<\/strong><\/p>\n<p><a href=\"http:\/\/marcelo.portalceilandia.com.br\/site\/wp-content\/uploads\/2017\/02\/EXERC\u00cdCIOS-LISTA-1-ESTRUTURA-SEQUENCIAL-1-SEMESTRE-2017.docx\" target=\"_blank\" rel=\"noopener\"><img decoding=\"async\" loading=\"lazy\" class=\"alignnone wp-image-204\" src=\"http:\/\/marcelo.portalceilandia.com.br\/site\/wp-content\/uploads\/2017\/02\/icone-word.png\" alt=\"\" width=\"20\" height=\"19\" \/>\u00a0<\/a><a href=\"http:\/\/marcelo.portalceilandia.com.br\/site\/wp-content\/uploads\/2017\/02\/EXERC\u00cdCIOS-LISTA-1-ESTRUTURA-SEQUENCIAL-1-SEMESTRE-2017.docx\">Lista 01 &#8211; Estrutura Sequencial\u00a0<\/a><br \/>\n<a href=\"http:\/\/marcelo.portalceilandia.com.br\/site\/wp-content\/uploads\/2017\/02\/EXERC\u00cdCIOS-LISTA-2-ESTRUTURA-CONDICIONAL-1-SEMESTRE-2017.docx\" target=\"_blank\" rel=\"noopener\"><img decoding=\"async\" loading=\"lazy\" class=\"alignnone wp-image-204\" src=\"http:\/\/marcelo.portalceilandia.com.br\/site\/wp-content\/uploads\/2017\/02\/icone-word.png\" alt=\"\" width=\"20\" height=\"19\" \/><\/a>\u00a0<a href=\"http:\/\/marcelo.portalceilandia.com.br\/site\/wp-content\/uploads\/2017\/10\/EXERC\u00cdCIOS-LISTA-3-ESTRUTURA-REPETI\u00c7\u00c3O-2-SEMESTRE-2014-eletronica.doc\">Lista 02 &#8211; Estrutura Condicional<\/a><br \/>\n<a href=\"http:\/\/marcelo.portalceilandia.com.br\/site\/wp-content\/uploads\/2017\/10\/EXERC\u00cdCIOS-LISTA-3-ESTRUTURA-REPETI\u00c7\u00c3O-2-SEMESTRE-2014-eletronica.doc\" target=\"_blank\" rel=\"noopener\"><img decoding=\"async\" loading=\"lazy\" class=\"alignnone wp-image-204\" src=\"http:\/\/marcelo.portalceilandia.com.br\/site\/wp-content\/uploads\/2017\/02\/icone-word.png\" alt=\"\" width=\"20\" height=\"19\" \/><\/a>\u00a0<a href=\"http:\/\/marcelo.portalceilandia.com.br\/site\/wp-content\/uploads\/2017\/10\/EXERC\u00cdCIOS-LISTA-3-ESTRUTURA-REPETI\u00c7\u00c3O-2-SEMESTRE-2014-eletronica.doc\" target=\"_blank\" rel=\"noopener\">Lista 03 &#8211; Estrutura de Repeti\u00e7\u00e3o<\/a><br \/>\n<a href=\"http:\/\/marcelo.portalceilandia.com.br\/site\/wp-content\/uploads\/2017\/10\/EXERC\u00cdCIOS-LISTA-4-VETORES-SEMESTRE-2014-eletronica.doc\" target=\"_blank\" rel=\"noopener\"><img decoding=\"async\" loading=\"lazy\" class=\"alignnone wp-image-204\" src=\"http:\/\/marcelo.portalceilandia.com.br\/site\/wp-content\/uploads\/2017\/02\/icone-word.png\" alt=\"\" width=\"20\" height=\"19\" \/><\/a>\u00a0<a href=\"http:\/\/marcelo.portalceilandia.com.br\/site\/wp-content\/uploads\/2017\/10\/EXERC\u00cdCIOS-LISTA-4-VETORES-SEMESTRE-2014-eletronica.doc\" target=\"_blank\" rel=\"noopener\">Lista 04 &#8211; Vetores<\/a><\/p>\n<p>Exemplos<\/p>\n<p><a href=\"http:\/\/marcelo.portalceilandia.com.br\/site\/wp-content\/uploads\/2017\/02\/Aula01.zip\" target=\"_blank\" rel=\"noopener\"><img decoding=\"async\" loading=\"lazy\" class=\"alignnone wp-image-294\" src=\"http:\/\/marcelo.portalceilandia.com.br\/site\/wp-content\/uploads\/2016\/06\/zip-file.jpg\" alt=\"\" width=\"23\" height=\"23\" \/>\u00a0<\/a><a href=\"http:\/\/marcelo.portalceilandia.com.br\/site\/wp-content\/uploads\/2017\/02\/Aula01.zip\" target=\"_blank\" rel=\"noopener\">Aula 01 &#8211; Exemplo 01<br \/>\n<\/a><a href=\"http:\/\/marcelo.portalceilandia.com.br\/site\/wp-content\/uploads\/2017\/02\/Aula01Ex03.zip\" target=\"_blank\" rel=\"noopener\"><img decoding=\"async\" loading=\"lazy\" class=\"alignnone wp-image-294\" src=\"http:\/\/marcelo.portalceilandia.com.br\/site\/wp-content\/uploads\/2016\/06\/zip-file.jpg\" alt=\"\" width=\"23\" height=\"23\" \/><\/a> <a href=\"http:\/\/marcelo.portalceilandia.com.br\/site\/wp-content\/uploads\/2017\/02\/Aula01Ex03.zip\" target=\"_blank\" rel=\"noopener\">Aula 01 &#8211; Exemplo 03<\/a><br \/>\n<a href=\"http:\/\/marcelo.portalceilandia.com.br\/site\/wp-content\/uploads\/2017\/02\/Calculadora.zip\" target=\"_blank\" rel=\"noopener\"><img decoding=\"async\" loading=\"lazy\" class=\"alignnone wp-image-294\" src=\"http:\/\/marcelo.portalceilandia.com.br\/site\/wp-content\/uploads\/2016\/06\/zip-file.jpg\" alt=\"\" width=\"23\" height=\"23\" \/><\/a><a href=\"http:\/\/marcelo.portalceilandia.com.br\/site\/wp-content\/uploads\/2017\/02\/Calculadora.zip\" target=\"_blank\" rel=\"noopener\">\u00a0Calculadora 01<br \/>\n<\/a><a href=\"http:\/\/marcelo.portalceilandia.com.br\/site\/wp-content\/uploads\/2017\/02\/Calculadora2.zip\" target=\"_blank\" rel=\"noopener\"><img decoding=\"async\" loading=\"lazy\" class=\"alignnone wp-image-294\" src=\"http:\/\/marcelo.portalceilandia.com.br\/site\/wp-content\/uploads\/2016\/06\/zip-file.jpg\" alt=\"\" width=\"23\" height=\"23\" \/><\/a><a href=\"http:\/\/marcelo.portalceilandia.com.br\/site\/wp-content\/uploads\/2017\/02\/Calculadora2.zip\" target=\"_blank\" rel=\"noopener\">\u00a0Calculadora 02<br \/>\n<\/a><a href=\"http:\/\/marcelo.portalceilandia.com.br\/site\/wp-content\/uploads\/2017\/02\/Calculadora3.zip\" target=\"_blank\" rel=\"noopener\"><img decoding=\"async\" loading=\"lazy\" class=\"alignnone wp-image-294\" src=\"http:\/\/marcelo.portalceilandia.com.br\/site\/wp-content\/uploads\/2016\/06\/zip-file.jpg\" alt=\"\" width=\"23\" height=\"23\" \/><\/a><a href=\"http:\/\/marcelo.portalceilandia.com.br\/site\/wp-content\/uploads\/2017\/02\/Calculadora3.zip\" target=\"_blank\" rel=\"noopener\">\u00a0Calculadora 03<br \/>\n<\/a><a href=\"http:\/\/marcelo.portalceilandia.com.br\/site\/wp-content\/uploads\/2017\/02\/ExemploSwitchCase.zip\" target=\"_blank\" rel=\"noopener\"><img decoding=\"async\" loading=\"lazy\" class=\"alignnone wp-image-294\" src=\"http:\/\/marcelo.portalceilandia.com.br\/site\/wp-content\/uploads\/2016\/06\/zip-file.jpg\" alt=\"\" width=\"23\" height=\"23\" \/><\/a><a href=\"http:\/\/marcelo.portalceilandia.com.br\/site\/wp-content\/uploads\/2017\/02\/ExemploSwitchCase.zip\" target=\"_blank\" rel=\"noopener\">\u00a0Exemplo SwitchCase<br \/>\n<\/a><a href=\"http:\/\/marcelo.portalceilandia.com.br\/site\/wp-content\/uploads\/2017\/02\/RepeticaoIndeterminada.zip\" target=\"_blank\" rel=\"noopener\"><img decoding=\"async\" loading=\"lazy\" class=\"alignnone wp-image-294\" src=\"http:\/\/marcelo.portalceilandia.com.br\/site\/wp-content\/uploads\/2016\/06\/zip-file.jpg\" alt=\"\" width=\"23\" height=\"23\" \/><\/a><a href=\"http:\/\/marcelo.portalceilandia.com.br\/site\/wp-content\/uploads\/2017\/02\/RepeticaoIndeterminada.zip\" target=\"_blank\" rel=\"noopener\">\u00a0Exemplo Enquanto (While)<\/a><br \/>\n<a href=\"http:\/\/marcelo.portalceilandia.com.br\/site\/wp-content\/uploads\/2017\/10\/ExemploDoWhile.zip\" target=\"_blank\" rel=\"noopener\"><img decoding=\"async\" loading=\"lazy\" class=\"alignnone wp-image-294\" src=\"http:\/\/marcelo.portalceilandia.com.br\/site\/wp-content\/uploads\/2016\/06\/zip-file.jpg\" alt=\"\" width=\"23\" height=\"23\" \/><\/a>\u00a0<a href=\"http:\/\/marcelo.portalceilandia.com.br\/site\/wp-content\/uploads\/2017\/10\/ExemploDoWhile.zip\" target=\"_blank\" rel=\"noopener\">Exemplo Fa\u00e7a Enquanto (Do While)<\/a><br \/>\n<a href=\"http:\/\/marcelo.portalceilandia.com.br\/site\/wp-content\/uploads\/2017\/10\/ExemploFor.zip\" target=\"_blank\" rel=\"noopener\"><img decoding=\"async\" loading=\"lazy\" class=\"alignnone wp-image-294\" src=\"http:\/\/marcelo.portalceilandia.com.br\/site\/wp-content\/uploads\/2016\/06\/zip-file.jpg\" alt=\"\" width=\"23\" height=\"23\" \/><\/a>\u00a0<a href=\"http:\/\/marcelo.portalceilandia.com.br\/site\/wp-content\/uploads\/2017\/10\/ExemploFor.zip\" target=\"_blank\" rel=\"noopener\">Exemplo Para (For)<\/a><br \/>\n<a href=\"http:\/\/marcelo.portalceilandia.com.br\/site\/wp-content\/uploads\/2017\/02\/ExemploVetor1.zip\" target=\"_blank\" rel=\"noopener\"><img decoding=\"async\" loading=\"lazy\" class=\"alignnone wp-image-294\" src=\"http:\/\/marcelo.portalceilandia.com.br\/site\/wp-content\/uploads\/2016\/06\/zip-file.jpg\" alt=\"\" width=\"23\" height=\"23\" \/><\/a>\u00a0<a href=\"http:\/\/marcelo.portalceilandia.com.br\/site\/wp-content\/uploads\/2017\/02\/ExemploVetor1.zip\" target=\"_blank\" rel=\"noopener\">Exemplo Vetor 1<\/a><\/p>\n<p>&nbsp;<\/p>\n","protected":false},"excerpt":{"rendered":"<p>Aplicativos VisualG\u00a0 \u00a0PascalZim\u00a0 \u00a0 Dev C++ Plano de Ensino Download Apostila &#8211; VisualG + Pascal Download Apostila &#8211; VisualG + C Download Listas de Exerc\u00edcios \u00a0Lista 01 &#8211; Estrutura Sequencial\u00a0 \u00a0Lista 02 &#8211; Estrutura Condicional \u00a0Lista 03 &#8211; Estrutura de Repeti\u00e7\u00e3o \u00a0Lista 04 &#8211; Vetores Exemplos \u00a0Aula 01 &#8211; Exemplo 01 Aula 01 &#8211; Exemplo &hellip;<\/p>\n<p class=\"read-more\"> <a class=\"\" href=\"https:\/\/marcelo.portalceilandia.com.br\/site\/edlp\/\"> <span class=\"screen-reader-text\">Estrut. Dados e L\u00f3gica de Programa\u00e7\u00e3o<\/span> Leia mais &raquo;<\/a><\/p>\n","protected":false},"author":1,"featured_media":0,"parent":0,"menu_order":5,"comment_status":"closed","ping_status":"closed","template":"","meta":{"om_disable_all_campaigns":false,"_mi_skip_tracking":false,"_monsterinsights_sitenote_active":false,"_monsterinsights_sitenote_note":"","_monsterinsights_sitenote_category":0,"site-sidebar-layout":"default","site-content-layout":"default","ast-global-header-display":"","ast-banner-title-visibility":"","ast-main-header-display":"","ast-hfb-above-header-display":"","ast-hfb-below-header-display":"","ast-hfb-mobile-header-display":"","site-post-title":"","ast-breadcrumbs-content":"","ast-featured-img":"","footer-sml-layout":"","theme-transparent-header-meta":"","adv-header-id-meta":"","stick-header-meta":"","header-above-stick-meta":"","header-main-stick-meta":"","header-below-stick-meta":""},"aioseo_notices":[],"_links":{"self":[{"href":"https:\/\/marcelo.portalceilandia.com.br\/site\/wp-json\/wp\/v2\/pages\/165"}],"collection":[{"href":"https:\/\/marcelo.portalceilandia.com.br\/site\/wp-json\/wp\/v2\/pages"}],"about":[{"href":"https:\/\/marcelo.portalceilandia.com.br\/site\/wp-json\/wp\/v2\/types\/page"}],"author":[{"embeddable":true,"href":"https:\/\/marcelo.portalceilandia.com.br\/site\/wp-json\/wp\/v2\/users\/1"}],"replies":[{"embeddable":true,"href":"https:\/\/marcelo.portalceilandia.com.br\/site\/wp-json\/wp\/v2\/comments?post=165"}],"version-history":[{"count":27,"href":"https:\/\/marcelo.portalceilandia.com.br\/site\/wp-json\/wp\/v2\/pages\/165\/revisions"}],"predecessor-version":[{"id":318,"href":"https:\/\/marcelo.portalceilandia.com.br\/site\/wp-json\/wp\/v2\/pages\/165\/revisions\/318"}],"wp:attachment":[{"href":"https:\/\/marcelo.portalceilandia.com.br\/site\/wp-json\/wp\/v2\/media?parent=165"}],"curies":[{"name":"wp","href":"https:\/\/api.w.org\/{rel}","templated":true}]}}