{"id":129,"date":"2016-06-03T13:16:43","date_gmt":"2016-06-03T13:16:43","guid":{"rendered":"http:\/\/marcelo.portalceilandia.com.br\/site\/?page_id=129"},"modified":"2017-11-11T18:45:00","modified_gmt":"2017-11-11T18:45:00","slug":"ltp3","status":"publish","type":"page","link":"https:\/\/marcelo.portalceilandia.com.br\/site\/ltp3\/","title":{"rendered":"Linguagem T\u00e9cnica de Programa\u00e7\u00e3o III"},"content":{"rendered":"<h2>Exerc\u00edcios<\/h2>\n<ul>\n<li><a href=\"http:\/\/marcelo.portalceilandia.com.br\/site\/wp-content\/uploads\/2017\/08\/EXERC\u00cdCIOS-JSP-e-Servlet.pdf\" target=\"_blank\" rel=\"noopener\"><img decoding=\"async\" loading=\"lazy\" class=\"alignnone wp-image-17\" src=\"http:\/\/marcelo.portalceilandia.com.br\/site\/wp-content\/uploads\/2013\/10\/pdf.jpg\" alt=\"pdf\" width=\"30\" height=\"28\" \/><\/a><a href=\"http:\/\/marcelo.portalceilandia.com.br\/site\/wp-content\/uploads\/2017\/08\/EXERC\u00cdCIOS-JSP-e-Servlet.pdf\">(17\/08) Exerc\u00edcio 1 &#8211; JSP e Servlets (valor 2,0)<\/a><\/li>\n<li><a href=\"http:\/\/marcelo.portalceilandia.com.br\/site\/wp-content\/uploads\/2017\/09\/Atividade-II-Instru\u00e7\u00f5es.pdf\" target=\"_blank\" rel=\"noopener\"><img decoding=\"async\" loading=\"lazy\" class=\"alignnone wp-image-17\" src=\"http:\/\/marcelo.portalceilandia.com.br\/site\/wp-content\/uploads\/2013\/10\/pdf.jpg\" alt=\"pdf\" width=\"30\" height=\"28\" \/><\/a><a href=\"http:\/\/marcelo.portalceilandia.com.br\/site\/wp-content\/uploads\/2017\/09\/Atividade-II-Instru\u00e7\u00f5es.pdf\" target=\"_blank\" rel=\"noopener\">(31\/08) Exerc\u00edcio 2 &#8211; CRUD Empregado (valor 3,0)<\/a>\u00a0 \u00a0 \u00a0 \u00a0<a href=\"http:\/\/marcelo.portalceilandia.com.br\/site\/wp-content\/uploads\/2017\/09\/CRUD-Empregado.zip\" target=\"_blank\" rel=\"noopener\"><img decoding=\"async\" loading=\"lazy\" class=\"alignnone wp-image-294\" src=\"http:\/\/marcelo.portalceilandia.com.br\/site\/wp-content\/uploads\/2016\/06\/zip-file.jpg\" alt=\"\" width=\"31\" height=\"31\" \/><\/a><a href=\"http:\/\/marcelo.portalceilandia.com.br\/site\/wp-content\/uploads\/2017\/09\/CRUD-Empregado.zip\" target=\"_blank\" rel=\"noopener\">CRUD Empregado<\/a><\/li>\n<\/ul>\n<h3>Projetos Feitos em sala de aula<\/h3>\n<ul>\n<li><a href=\"http:\/\/marcelo.portalceilandia.com.br\/site\/wp-content\/uploads\/2016\/06\/AgendaSQL.zip\" target=\"_blank\" rel=\"noopener\"><\/a><a href=\"http:\/\/marcelo.portalceilandia.com.br\/site\/wp-content\/uploads\/2016\/06\/AgendaSQL.zip\" target=\"_blank\" rel=\"noopener\"><img decoding=\"async\" loading=\"lazy\" class=\"alignnone wp-image-294 size-full\" src=\"http:\/\/marcelo.portalceilandia.com.br\/site\/wp-content\/uploads\/2016\/06\/zip-file.jpg\" alt=\"\" width=\"32\" height=\"32\" \/><\/a><a href=\"http:\/\/marcelo.portalceilandia.com.br\/site\/wp-content\/uploads\/2016\/06\/AgendaSQL.zip\" target=\"_blank\" rel=\"noopener\">SQL do banco de dados do projeto Agenda<\/a><\/li>\n<\/ul>\n<p>&nbsp;<\/p>\n<ul>\n<li><a href=\"http:\/\/marcelo.portalceilandia.com.br\/site\/wp-content\/uploads\/2017\/08\/Projeto-Aula01.zip\" target=\"_blank\" rel=\"noopener\"><img decoding=\"async\" loading=\"lazy\" class=\"alignnone wp-image-294 size-full\" src=\"http:\/\/marcelo.portalceilandia.com.br\/site\/wp-content\/uploads\/2016\/06\/zip-file.jpg\" alt=\"\" width=\"32\" height=\"32\" \/><\/a><a href=\"http:\/\/marcelo.portalceilandia.com.br\/site\/wp-content\/uploads\/2017\/08\/Projeto-Aula01.zip\">(03\/08) Projeto &#8211; Aula 01<\/a><\/li>\n<li><a href=\"http:\/\/marcelo.portalceilandia.com.br\/site\/wp-content\/uploads\/2017\/08\/Projeto-Aula02.zip\" target=\"_blank\" rel=\"noopener\"><img decoding=\"async\" loading=\"lazy\" class=\"alignnone wp-image-294 size-full\" src=\"http:\/\/marcelo.portalceilandia.com.br\/site\/wp-content\/uploads\/2016\/06\/zip-file.jpg\" alt=\"\" width=\"32\" height=\"32\" \/><\/a><a href=\"http:\/\/marcelo.portalceilandia.com.br\/site\/wp-content\/uploads\/2017\/08\/Projeto-Aula02.zip\">(10\/08) Projeto &#8211; Aula 02<\/a><\/li>\n<li><a href=\"http:\/\/marcelo.portalceilandia.com.br\/site\/wp-content\/uploads\/2017\/08\/Agenda-Parte1.zip\" target=\"_blank\" rel=\"noopener\"><img decoding=\"async\" loading=\"lazy\" class=\"alignnone wp-image-294 size-full\" src=\"http:\/\/marcelo.portalceilandia.com.br\/site\/wp-content\/uploads\/2016\/06\/zip-file.jpg\" alt=\"\" width=\"32\" height=\"32\" \/><\/a><a href=\"http:\/\/marcelo.portalceilandia.com.br\/site\/wp-content\/uploads\/2017\/08\/Agenda-Parte1.zip\">(24\/08) Projeto Agenda &#8211; Parte 1<\/a><\/li>\n<li><a href=\"http:\/\/marcelo.portalceilandia.com.br\/site\/wp-content\/uploads\/2016\/06\/Agenda-Parte2.zip\" target=\"_blank\" rel=\"noopener\"><img decoding=\"async\" loading=\"lazy\" class=\"alignnone wp-image-294 size-full\" src=\"http:\/\/marcelo.portalceilandia.com.br\/site\/wp-content\/uploads\/2016\/06\/zip-file.jpg\" alt=\"\" width=\"32\" height=\"32\" \/><\/a><a href=\"http:\/\/marcelo.portalceilandia.com.br\/site\/wp-content\/uploads\/2016\/06\/Agenda-Parte2.zip\" target=\"_blank\" rel=\"noopener\">(31\/08) Projeto Agenda &#8211; Parte 2<\/a><\/li>\n<li><a href=\"http:\/\/marcelo.portalceilandia.com.br\/site\/wp-content\/uploads\/2016\/06\/Agenda-Parte3.zip\" target=\"_blank\" rel=\"noopener\"><img decoding=\"async\" loading=\"lazy\" class=\"alignnone wp-image-294 size-full\" src=\"http:\/\/marcelo.portalceilandia.com.br\/site\/wp-content\/uploads\/2016\/06\/zip-file.jpg\" alt=\"\" width=\"32\" height=\"32\" \/><\/a><a href=\"http:\/\/marcelo.portalceilandia.com.br\/site\/wp-content\/uploads\/2016\/06\/Agenda-Parte3.zip\" target=\"_blank\" rel=\"noopener\">(21\/09) Projeto Agenda &#8211; Parte 3 &#8211; Cadastrando tabela associativa<\/a><\/li>\n<li><a href=\"http:\/\/marcelo.portalceilandia.com.br\/site\/wp-content\/uploads\/2016\/06\/Agenda-Parte4.zip\" target=\"_blank\" rel=\"noopener\"><img decoding=\"async\" loading=\"lazy\" class=\"alignnone wp-image-294 size-full\" src=\"http:\/\/marcelo.portalceilandia.com.br\/site\/wp-content\/uploads\/2016\/06\/zip-file.jpg\" alt=\"\" width=\"32\" height=\"32\" \/><\/a><a href=\"http:\/\/marcelo.portalceilandia.com.br\/site\/wp-content\/uploads\/2016\/06\/Agenda-Parte4.zip\" target=\"_blank\" rel=\"noopener\">(05\/10) Projeto Agenda &#8211; Parte 4 &#8211; Mostrando um menu din\u00e2mico<\/a><\/li>\n<li><a href=\"http:\/\/marcelo.portalceilandia.com.br\/site\/wp-content\/uploads\/2016\/06\/Agenda-Parte5.zip\" target=\"_blank\" rel=\"noopener\"><img decoding=\"async\" loading=\"lazy\" class=\"alignnone wp-image-294 size-full\" src=\"http:\/\/marcelo.portalceilandia.com.br\/site\/wp-content\/uploads\/2016\/06\/zip-file.jpg\" alt=\"\" width=\"32\" height=\"32\" \/><\/a><a href=\"http:\/\/marcelo.portalceilandia.com.br\/site\/wp-content\/uploads\/2016\/06\/Agenda-Parte5.zip\" target=\"_blank\" rel=\"noopener\">(18\/10) Projeto Agenda &#8211; Parte 5 &#8211; Cadastramento de Perfil e acesso aos menus<\/a><\/li>\n<li><a href=\"http:\/\/marcelo.portalceilandia.com.br\/site\/wp-content\/uploads\/2016\/06\/Agenda-Parte6.zip\" target=\"_blank\" rel=\"noopener\"><img decoding=\"async\" loading=\"lazy\" class=\"alignnone wp-image-294 size-full\" src=\"http:\/\/marcelo.portalceilandia.com.br\/site\/wp-content\/uploads\/2016\/06\/zip-file.jpg\" alt=\"\" width=\"32\" height=\"32\" \/><\/a><a href=\"http:\/\/marcelo.portalceilandia.com.br\/site\/wp-content\/uploads\/2016\/06\/Agenda-Parte6.zip\" target=\"_blank\" rel=\"noopener\">(26\/10) Projeto Agenda &#8211; Parte 6 &#8211; Ajustando cadastramento cadastro de menu ao perfil<\/a><\/li>\n<li><a href=\"http:\/\/marcelo.portalceilandia.com.br\/site\/wp-content\/uploads\/2017\/11\/ExemploUpload.zip\" target=\"_blank\" rel=\"noopener\"><img decoding=\"async\" loading=\"lazy\" class=\"alignnone wp-image-294 size-full\" src=\"http:\/\/marcelo.portalceilandia.com.br\/site\/wp-content\/uploads\/2016\/06\/zip-file.jpg\" alt=\"\" width=\"32\" height=\"32\" \/><\/a><a href=\"http:\/\/marcelo.portalceilandia.com.br\/site\/wp-content\/uploads\/2017\/11\/ExemploUpload.zip\" target=\"_blank\" rel=\"noopener\">(09\/11) Exemplo de Upload (Envio de arquivos)<\/a><\/li>\n<li><a href=\"http:\/\/marcelo.portalceilandia.com.br\/site\/wp-content\/uploads\/2016\/06\/Agenda-Parte7.zip\" target=\"_blank\" rel=\"noopener\"><img decoding=\"async\" loading=\"lazy\" class=\"alignnone wp-image-294 size-full\" src=\"http:\/\/marcelo.portalceilandia.com.br\/site\/wp-content\/uploads\/2016\/06\/zip-file.jpg\" alt=\"\" width=\"32\" height=\"32\" \/><\/a><a href=\"http:\/\/marcelo.portalceilandia.com.br\/site\/wp-content\/uploads\/2016\/06\/Agenda-Parte7.zip\" target=\"_blank\" rel=\"noopener\">(11\/11) Projeto Agenda &#8211; Valida\u00e7\u00e3o de acesso \u00e0s p\u00e1ginas via URL.<\/a><\/li>\n<\/ul>\n<h2>Template bootstrap<\/h2>\n<ul>\n<li><a href=\"http:\/\/marcelo.portalceilandia.com.br\/site\/wp-content\/uploads\/2017\/08\/AdminLTE-2.3.11.zip\" target=\"_blank\" rel=\"noopener\"><img decoding=\"async\" loading=\"lazy\" class=\"alignnone wp-image-294 size-full\" src=\"http:\/\/marcelo.portalceilandia.com.br\/site\/wp-content\/uploads\/2016\/06\/zip-file.jpg\" alt=\"\" width=\"32\" height=\"32\" \/><\/a><a href=\"http:\/\/marcelo.portalceilandia.com.br\/site\/wp-content\/uploads\/2017\/08\/AdminLTE-2.3.11.zip\">AdminLTE<\/a><\/li>\n<\/ul>\n<h2>Apostilas<\/h2>\n<ul>\n<li><a href=\"http:\/\/marcelo.portalceilandia.com.br\/site\/wp-content\/uploads\/2016\/06\/Aula-01.pptx\"><img decoding=\"async\" loading=\"lazy\" class=\"alignnone size-full wp-image-137\" src=\"http:\/\/marcelo.portalceilandia.com.br\/site\/wp-content\/uploads\/2016\/06\/ppt.png\" alt=\"ppt\" width=\"26\" height=\"30\" \/><\/a><a href=\"http:\/\/marcelo.portalceilandia.com.br\/site\/wp-content\/uploads\/2016\/06\/Aula-01.pptx\">Download<\/a>\u00a0&#8211; Aula 01 &#8211; Aplica\u00e7\u00e3o Web.<\/li>\n<li><a href=\"http:\/\/marcelo.portalceilandia.com.br\/site\/wp-content\/uploads\/2016\/06\/Aula-02.pptx\"><img decoding=\"async\" loading=\"lazy\" class=\"alignnone size-full wp-image-137\" src=\"http:\/\/marcelo.portalceilandia.com.br\/site\/wp-content\/uploads\/2016\/06\/ppt.png\" alt=\"ppt\" width=\"26\" height=\"30\" \/><\/a>\u00a0<a href=\"http:\/\/marcelo.portalceilandia.com.br\/site\/wp-content\/uploads\/2016\/06\/Aula-02.pptx\">Download\u00a0<\/a>&#8211; Aula 02 &#8211; Servlets.<\/li>\n<li><a href=\"http:\/\/marcelo.portalceilandia.com.br\/site\/wp-content\/uploads\/2016\/06\/Aula02-Passo-a-Passo-Servlet.pdf\" target=\"_blank\" rel=\"noopener\"><img decoding=\"async\" loading=\"lazy\" class=\"alignnone wp-image-17\" src=\"http:\/\/marcelo.portalceilandia.com.br\/site\/wp-content\/uploads\/2013\/10\/pdf.jpg\" alt=\"pdf\" width=\"30\" height=\"28\" \/><\/a><a href=\"http:\/\/marcelo.portalceilandia.com.br\/site\/wp-content\/uploads\/2016\/06\/Aula02-Passo-a-Passo-Servlet.pdf\" target=\"_blank\" rel=\"noopener\">Download<\/a>\u00a0&#8211; Aula 02 &#8211; Passo-a-Passo cria\u00e7\u00e3o de Servlets.<\/li>\n<li><a href=\"http:\/\/marcelo.portalceilandia.com.br\/site\/wp-content\/uploads\/2016\/06\/Aula-03.pptx\"><img decoding=\"async\" loading=\"lazy\" class=\"alignnone size-full wp-image-137\" src=\"http:\/\/marcelo.portalceilandia.com.br\/site\/wp-content\/uploads\/2016\/06\/ppt.png\" alt=\"ppt\" width=\"26\" height=\"30\" \/><\/a><a href=\"http:\/\/marcelo.portalceilandia.com.br\/site\/wp-content\/uploads\/2016\/06\/Aula-03.pptx\">\u00a0Download<\/a>\u00a0&#8211; Aula 03 &#8211; Java Server Pages (JSP).<\/li>\n<li><a href=\"http:\/\/marcelo.portalceilandia.com.br\/site\/wp-content\/uploads\/2016\/06\/Aula-04.pptx\"><img decoding=\"async\" loading=\"lazy\" class=\"alignnone size-full wp-image-137\" src=\"http:\/\/marcelo.portalceilandia.com.br\/site\/wp-content\/uploads\/2016\/06\/ppt.png\" alt=\"ppt\" width=\"26\" height=\"30\" \/><\/a><a href=\"http:\/\/marcelo.portalceilandia.com.br\/site\/wp-content\/uploads\/2016\/06\/Aula-04.pptx\">\u00a0Download<\/a>\u00a0&#8211; Aula 04 &#8211; TagLibs.<\/li>\n<\/ul>\n<h2>Videoaulas\u00a0<a href=\"http:\/\/www.youtube.com.br\/MarceloNunesPro\" target=\"_blank\" rel=\"noopener\"><img decoding=\"async\" loading=\"lazy\" class=\"alignnone size-full wp-image-138\" src=\"http:\/\/marcelo.portalceilandia.com.br\/site\/wp-content\/uploads\/2016\/06\/youtube.png\" alt=\"youtube\" width=\"50\" height=\"21\" \/><\/a><\/h2>\n<style>ul li {list-style-type:none}<\/style>\n<ul>\n<li>Aula 1 &#8211;\u00a0<a href=\"https:\/\/youtu.be\/lh5huA_g1o4\" target=\"_blank\" rel=\"noopener\">Configura\u00e7\u00e3o do Ambiente de Desenvolvimento<\/a><\/li>\n<li>Aula 2 &#8211;\u00a0<a href=\"https:\/\/youtu.be\/x10p1muqpg4\" target=\"_blank\" rel=\"noopener\">Introdu\u00e7\u00e3o ao JSP\u00a0<\/a><\/li>\n<li>Aula 3 &#8211;\u00a0<a href=\"https:\/\/youtu.be\/eP15KujUUoA\" target=\"_blank\" rel=\"noopener\">Introdu\u00e7\u00e3o ao Servlet<\/a><\/li>\n<li>Aula 4 &#8211;\u00a0<a href=\"https:\/\/youtu.be\/M7SELteYVfo\" target=\"_blank\" rel=\"noopener\">Arquivo web.xml e convers\u00e3o de tipos<\/a><\/li>\n<li>Aula 5 &#8211;\u00a0<a href=\"https:\/\/youtu.be\/PpK98xQqA10\" target=\"_blank\" rel=\"noopener\">Banco de dados com JAVA<\/a><\/li>\n<li>Aula 6 &#8211;\u00a0<a href=\"https:\/\/youtu.be\/UgP9lsiDWI8\" target=\"_blank\" rel=\"noopener\">JSP e Classes DAO<\/a><\/li>\n<li>Aula 7 Parte 1 &#8211;\u00a0<a href=\"https:\/\/youtu.be\/McOgivYznsA\" target=\"_blank\" rel=\"noopener\">MVC e Exemplo de Inclus\u00e3o de dados<\/a><\/li>\n<li>Aula 7 Parte 2 &#8211;\u00a0<a href=\"https:\/\/youtu.be\/efWt0cVmSuc\" target=\"_blank\" rel=\"noopener\">MVC e Exemplo de Altera\u00e7\u00e3o e exclus\u00e3o de dados<\/a><\/li>\n<li>Aula 8 &#8211;\u00a0<a href=\"https:\/\/youtu.be\/AdoCPpfkI5Y\" target=\"_blank\" rel=\"noopener\">Autentica\u00e7\u00e3o de usu\u00e1rios<\/a><\/li>\n<li>Aula 9 Parte 1 &#8211;\u00a0<a href=\"https:\/\/youtu.be\/xNvKtvASNFI\" target=\"_blank\" rel=\"noopener\">Grava\u00e7\u00e3o de Datas &#8211; Classe SimpleDateFormat<\/a><\/li>\n<li>Aula 9 Parte 2 &#8211;\u00a0<a href=\"https:\/\/youtu.be\/gyEOOFGo2zY\" target=\"_blank\" rel=\"noopener\">Grava\u00e7\u00e3o dados em tabelas associativas<\/a><\/li>\n<li>Aula 9 Parte 3 &#8211;\u00a0<a href=\"https:\/\/youtu.be\/2-LAaqJPeO4\" target=\"_blank\" rel=\"noopener\">Consultas SQL utilizando o comando INNER JOIN<\/a><\/li>\n<li>Aula 10 &#8211;\u00a0<a href=\"https:\/\/youtu.be\/sq3S_B_Wutw\" target=\"_blank\" rel=\"noopener\">Utilizando taglibs para formata\u00e7\u00e3o de dados<\/a><\/li>\n<li>Aula 11 Parte 1 &#8211; <a href=\"https:\/\/youtu.be\/lrV8YmIMbbU\" target=\"_blank\" rel=\"noopener\">P\u00e1ginas de pesquisa com JSP<\/a><\/li>\n<li>Aula 11 Parte 2 &#8211; <a href=\"https:\/\/www.youtube.com\/watch?v=8VztTaONEQ8\" target=\"_blank\" rel=\"noopener\">P\u00e1ginas de pesquisa com Servlets<\/a><\/li>\n<\/ul>\n","protected":false},"excerpt":{"rendered":"<p>Exerc\u00edcios (17\/08) Exerc\u00edcio 1 &#8211; JSP e Servlets (valor 2,0) (31\/08) Exerc\u00edcio 2 &#8211; CRUD Empregado (valor 3,0)\u00a0 \u00a0 \u00a0 \u00a0CRUD Empregado Projetos Feitos em sala de aula SQL do banco de dados do projeto Agenda &nbsp; (03\/08) Projeto &#8211; Aula 01 (10\/08) Projeto &#8211; Aula 02 (24\/08) Projeto Agenda &#8211; Parte 1 (31\/08) Projeto &hellip;<\/p>\n<p class=\"read-more\"> <a class=\"\" href=\"https:\/\/marcelo.portalceilandia.com.br\/site\/ltp3\/\"> <span class=\"screen-reader-text\">Linguagem T\u00e9cnica de Programa\u00e7\u00e3o III<\/span> Leia mais &raquo;<\/a><\/p>\n","protected":false},"author":1,"featured_media":0,"parent":0,"menu_order":20,"comment_status":"closed","ping_status":"closed","template":"","meta":{"om_disable_all_campaigns":false,"_mi_skip_tracking":false,"_monsterinsights_sitenote_active":false,"_monsterinsights_sitenote_note":"","_monsterinsights_sitenote_category":0,"site-sidebar-layout":"default","site-content-layout":"default","ast-global-header-display":"","ast-banner-title-visibility":"","ast-main-header-display":"","ast-hfb-above-header-display":"","ast-hfb-below-header-display":"","ast-hfb-mobile-header-display":"","site-post-title":"","ast-breadcrumbs-content":"","ast-featured-img":"","footer-sml-layout":"","theme-transparent-header-meta":"","adv-header-id-meta":"","stick-header-meta":"","header-above-stick-meta":"","header-main-stick-meta":"","header-below-stick-meta":""},"aioseo_notices":[],"_links":{"self":[{"href":"https:\/\/marcelo.portalceilandia.com.br\/site\/wp-json\/wp\/v2\/pages\/129"}],"collection":[{"href":"https:\/\/marcelo.portalceilandia.com.br\/site\/wp-json\/wp\/v2\/pages"}],"about":[{"href":"https:\/\/marcelo.portalceilandia.com.br\/site\/wp-json\/wp\/v2\/types\/page"}],"author":[{"embeddable":true,"href":"https:\/\/marcelo.portalceilandia.com.br\/site\/wp-json\/wp\/v2\/users\/1"}],"replies":[{"embeddable":true,"href":"https:\/\/marcelo.portalceilandia.com.br\/site\/wp-json\/wp\/v2\/comments?post=129"}],"version-history":[{"count":34,"href":"https:\/\/marcelo.portalceilandia.com.br\/site\/wp-json\/wp\/v2\/pages\/129\/revisions"}],"predecessor-version":[{"id":374,"href":"https:\/\/marcelo.portalceilandia.com.br\/site\/wp-json\/wp\/v2\/pages\/129\/revisions\/374"}],"wp:attachment":[{"href":"https:\/\/marcelo.portalceilandia.com.br\/site\/wp-json\/wp\/v2\/media?parent=129"}],"curies":[{"name":"wp","href":"https:\/\/api.w.org\/{rel}","templated":true}]}}