{"id":115,"date":"2016-06-03T12:55:01","date_gmt":"2016-06-03T12:55:01","guid":{"rendered":"http:\/\/marcelo.portalceilandia.com.br\/site\/?page_id=115"},"modified":"2021-01-15T19:17:15","modified_gmt":"2021-01-15T19:17:15","slug":"ltp2","status":"publish","type":"page","link":"https:\/\/marcelo.portalceilandia.com.br\/site\/ltp2\/","title":{"rendered":"Linguagem T\u00e9cnica de Programa\u00e7\u00e3o II"},"content":{"rendered":"<h2>Apostila<\/h2>\n<ul>\n<li><a href=\"https:\/\/www.caelum.com.br\/apostila-java-web\/\" target=\"_blank\" rel=\"noopener noreferrer\">Apostila de JAVA web da Caelum\u00a0<\/a>&#8211; Unidade 2 &#8211;\u00a0Bancos de dados e JDBC<\/li>\n<\/ul>\n<h2>Modelos de Classe<\/h2>\n<ul>\n<li><a href=\"https:\/\/drive.google.com\/open?id=10ljb3lmZeZwS2Oshf-BjiYfxemXW6Col\" target=\"_blank\" rel=\"noopener noreferrer\">01-Heran\u00e7a<\/a><\/li>\n<li><a href=\"https:\/\/drive.google.com\/open?id=1P0FTthf5o0yB4Ef60MdLsCvjYeh52QnD\" target=\"_blank\" rel=\"noopener noreferrer\">02-Agrega\u00e7\u00e3o<\/a><\/li>\n<li><a href=\"https:\/\/drive.google.com\/open?id=1BSD7Q4SFKL-vZzPfu5U1Ln96-V0dz-0Q\" target=\"_blank\" rel=\"noopener noreferrer\">03-Abstrata<\/a><\/li>\n<li><a href=\"https:\/\/drive.google.com\/file\/d\/1PB2RWixDphNsESawZw8s6RkLJ7-TNABu\/view?usp=sharing\" target=\"_blank\" rel=\"noopener noreferrer\">04-Interface<\/a><\/li>\n<li><a href=\"http:\/\/marcelo.portalceilandia.com.br\/site\/wp-content\/uploads\/2016\/06\/05-Banco-de-Dados.zip\">05-Banco de Dados<\/a><\/li>\n<\/ul>\n<h3>Videoaulas &#8211; Orienta\u00e7\u00e3o \u00e0 Objetos<\/h3>\n<ul>\n<li>Aula 01 &#8211; <a href=\"https:\/\/youtu.be\/pO1EZ3WWEEc\" target=\"_blank\" rel=\"noopener noreferrer\">Encapsulamento, Heran\u00e7a e Polimorfismo<\/a><\/li>\n<li>Aula 02 &#8211; <a href=\"https:\/\/youtu.be\/tQSB2fj_ZCE\" target=\"_blank\" rel=\"noopener noreferrer\">Implementando Exerc\u00edcio Pr\u00e1tico de Heran\u00e7a<\/a><\/li>\n<li>Aula 03 &#8211; <a href=\"https:\/\/youtu.be\/n-rGBH3Iixc\" target=\"_blank\" rel=\"noopener noreferrer\">Agrega\u00e7\u00e3o, Associa\u00e7\u00e3o e Composi\u00e7\u00e3o + Exerc\u00edcio Pr\u00e1tico<\/a><\/li>\n<li>Aula 04 &#8211; <a href=\"https:\/\/youtu.be\/qd_1u-pzN1I\" target=\"_blank\" rel=\"noopener noreferrer\">Classe Abstrata e Interface + Exerc\u00edcio Pr\u00e1tico<\/a><\/li>\n<li>Aula 05 &#8211; <a href=\"https:\/\/youtu.be\/u51T8vzS_bU\" target=\"_blank\" rel=\"noopener noreferrer\">Organiza\u00e7\u00e3o do projeto e Menu de op\u00e7\u00f5es e submenus com JOptionPane<\/a><\/li>\n<li>Aula 06 &#8211; <a href=\"https:\/\/youtu.be\/3EX9mAjHGYA\" target=\"_blank\" rel=\"noopener noreferrer\">Refatorando o projeto com Menu de op\u00e7\u00f5es<\/a><\/li>\n<li>Aula 07 &#8211; <a href=\"https:\/\/youtu.be\/t2ZwMWlHlE4\" target=\"_blank\" rel=\"noopener noreferrer\">Projeto Menu de op\u00e7\u00f5es. Criando a classe Entrada.java<\/a><\/li>\n<li>Aula 08 &#8211; <a href=\"https:\/\/youtu.be\/dwR4gqdeHLs\" target=\"_blank\" rel=\"noopener noreferrer\">Introdu\u00e7\u00e3o \u00e0 banco de dados<\/a><\/li>\n<li>Aula 09 &#8211; <a href=\"https:\/\/youtu.be\/jrkZxIB4Aqg\" target=\"_blank\" rel=\"noopener\">Banco de dados: Padr\u00e3o DAO com exemplo de CRUD<\/a><\/li>\n<li>Aula 10 &#8211; Criando o projeto CRUD de Pessoa (Pr\u00f3xima aula)<\/li>\n<\/ul>\n<h3>Videoaulas &#8211; Banco de dados<\/h3>\n<ul>\n<li>Aula 01 &#8211; <a href=\"https:\/\/youtu.be\/JzHcHljDn_Q\" target=\"_blank\" rel=\"noopener noreferrer\">Criando o banco de dados<\/a><\/li>\n<li>Aula 02 &#8211; <a href=\"https:\/\/youtu.be\/KghqsCDAxNI\" target=\"_blank\" rel=\"noopener noreferrer\">Criando Projeto e adicionando Driver JDBC do MySQL<\/a><\/li>\n<li>Aula 03 &#8211; <a href=\"https:\/\/youtu.be\/x46WaWrVfjk\" target=\"_blank\" rel=\"noopener noreferrer\">Criando as entidades<\/a><\/li>\n<li>Aula 04 &#8211; <a href=\"https:\/\/youtu.be\/efrW3lHb_X4\" target=\"_blank\" rel=\"noopener noreferrer\">Criando interface de configura\u00e7\u00e3o do banco de dados<\/a><\/li>\n<li>Aula 05 &#8211; <a href=\"https:\/\/youtu.be\/sPxENFkBCz0\" target=\"_blank\" rel=\"noopener noreferrer\">Gerente de Conex\u00e3o<\/a><\/li>\n<li>\n<div class=\"item-title upload-cursor-pointer\">Aula 06 &#8211; <a href=\"https:\/\/youtu.be\/aCbd8UMqZjw\" target=\"_blank\" rel=\"noopener noreferrer\">ContatoDAO &#8211; M\u00e9todo listar<\/a><\/div>\n<\/li>\n<li>\n<div class=\"item-title upload-cursor-pointer\">Aula 07 &#8211; <a href=\"https:\/\/youtu.be\/cCE0hp61Hlo\" target=\"_blank\" rel=\"noopener noreferrer\">ContatoDAO &#8211; M\u00e9todo\u00a0inserir<\/a><\/div>\n<\/li>\n<li>\n<div class=\"item-title upload-cursor-pointer\">Aula 08 &#8211; <a href=\"https:\/\/youtu.be\/zaF9fonTRF0\" target=\"_blank\" rel=\"noopener noreferrer\">ContatoDAO &#8211; M\u00e9todo alterar<\/a><\/div>\n<\/li>\n<li>Aula 09 &#8211; <a href=\"https:\/\/youtu.be\/m3u2xvLhdEk\" target=\"_blank\" rel=\"noopener noreferrer\">ContatoDAO &#8211; M\u00e9todo excluir<\/a><\/li>\n<li>Aula 10 &#8211; <a href=\"https:\/\/youtu.be\/QFsimSf5cvw\" target=\"_blank\" rel=\"noopener noreferrer\">Passo-a-passo &#8211; TesteListar.java<\/a><\/li>\n<li>Aula 11 &#8211;\u00a0<a href=\"https:\/\/youtu.be\/pH2sFzZV340\" target=\"_blank\" rel=\"noopener noreferrer\">TesteListar.java<\/a><\/li>\n<li>Aula 12 &#8211; <a href=\"https:\/\/youtu.be\/JM2TPnvt-Hg\" target=\"_blank\" rel=\"noopener noreferrer\">TesteInserir.java<\/a><\/li>\n<li>Aula 13 &#8211; <a href=\"https:\/\/youtu.be\/GZI2904Ddok\" target=\"_blank\" rel=\"noopener noreferrer\">TesteAlterar.java<\/a><\/li>\n<li>Aula 14 &#8211; <a href=\"https:\/\/youtu.be\/CwuieoTd398\" target=\"_blank\" rel=\"noopener noreferrer\">TesteExcluir.java<\/a><\/li>\n<li>Aula 15 &#8211; <a href=\"https:\/\/youtu.be\/JaLF_vU6lO4\" target=\"_blank\" rel=\"noopener noreferrer\">CRUD Contatos com JFrame &#8211; Parte 1 &#8211; Bot\u00e3o Listar<\/a><\/li>\n<li>Aula 16 &#8211; <a href=\"https:\/\/youtu.be\/zQ7TAc37iAw\" target=\"_blank\" rel=\"noopener noreferrer\">CRUD Contatos com JFrame &#8211; Parte 2 &#8211; Bot\u00e3o Excluir<\/a><\/li>\n<li>Aula 17 &#8211; <a href=\"https:\/\/youtu.be\/riFoTUh9fp4\" target=\"_blank\" rel=\"noopener noreferrer\">CRUD Contatos com JFrame &#8211; Parte 3 &#8211; Bot\u00e3o Salvar<\/a><\/li>\n<li>Aula 18\u00a0&#8211; <a href=\"https:\/\/youtu.be\/XKj_00U2hHM\" target=\"_blank\" rel=\"noopener noreferrer\">CRUD Contatos com JFrame &#8211; Parte 4 &#8211; Tela de pesquisa e listagem<\/a><\/li>\n<li>Aula 19 &#8211;\u00a0<a href=\"https:\/\/youtu.be\/Di5qR3D_gOM\" target=\"_blank\" rel=\"noopener noreferrer\">CRUD Contatos com JFrame &#8211; Tela Pesquisar &#8211; Bot\u00e3o Excluir<\/a><\/li>\n<li>Aula 20 &#8211; <a href=\"https:\/\/youtu.be\/WGVQTRhEHnY\" target=\"_blank\" rel=\"noopener noreferrer\">CRUD Contatos com JFrame &#8211; Tela Pesquisar &#8211; Ajuste na l\u00f3gica de exclus\u00e3o<\/a><\/li>\n<li>Aula 21 &#8211; <a href=\"https:\/\/youtu.be\/pNU56QsahxY\" target=\"_blank\" rel=\"noopener noreferrer\">CRUD Contatos com JFrame &#8211; Tela Pesquisar &#8211; Bot\u00e3o Novo<\/a><\/li>\n<li>Aula 22 &#8211;\u00a0<a href=\"https:\/\/youtu.be\/a8i-c5rG6eU\" target=\"_blank\" rel=\"noopener noreferrer\">CRUD Contatos com JFrame &#8211; Tela Pesquisar &#8211; Bot\u00e3o Alterar<\/a><\/li>\n<\/ul>\n<h2>Videoaulas extras &#8211; Interface Gr\u00e1fica<\/h2>\n<ul>\n<li>Aula 01 &#8211; <a href=\"https:\/\/youtu.be\/X4dPOHDm3Hk\" target=\"_blank\" rel=\"noopener noreferrer\">JButton, JLabel, JTextField e JOptionPane<\/a><\/li>\n<li>Aula 02 &#8211; <a href=\"https:\/\/youtu.be\/hzSFCAye4qM\" target=\"_blank\" rel=\"noopener noreferrer\">Obtendo valores do JTextField para formatos String, double e int<\/a><\/li>\n<li>Aula 03 &#8211; <a href=\"https:\/\/youtu.be\/rA0hv2jcoQs\" target=\"_blank\" rel=\"noopener noreferrer\">Calculando INSS do sal\u00e1rio l\u00edquido do funcion\u00e1rio<\/a><\/li>\n<li>Aula 04 &#8211; <a href=\"https:\/\/youtu.be\/SiO0NjBBm7w\" target=\"_blank\" rel=\"noopener noreferrer\">Abrindo um formul\u00e1rio a partir de um bot\u00e3o<\/a><\/li>\n<li>Aula 05 &#8211; Criando tabela de dados com JTable<\/li>\n<li>Aula 06 &#8211; Algumas configura\u00e7\u00f5es do JTable e habilitando\/desabilitando JButton<\/li>\n<li>Aula 07 &#8211; Excluindo dados da tabela<\/li>\n<li>Aula 08 &#8211; Alterando dados da tabela<\/li>\n<li>Aula 09 &#8211; Adicionando m\u00e1scara de data, telefone e CPF<\/li>\n<\/ul>\n<h2>Script &#8211; Banco de dados Agenda<\/h2>\n<ul>\n<li><a href=\"http:\/\/marcelo.portalceilandia.com.br\/site\/wp-content\/uploads\/2018\/05\/java2.zip\">Script SQL<\/a><\/li>\n<\/ul>\n<h2>Exerc\u00edcios<\/h2>\n<ul>\n<li><a href=\"http:\/\/marcelo.portalceilandia.com.br\/site\/wp-content\/uploads\/2016\/06\/05-Exercicio-Banco-De-Dados.pdf\" target=\"_blank\" rel=\"noopener noreferrer\">05-Exercicio Banco De Dados<br \/>\n<\/a><\/li>\n<\/ul>\n<h2>Locadora<\/h2>\n<ul>\n<li><a href=\"http:\/\/marcelo.portalceilandia.com.br\/site\/wp-content\/uploads\/2018\/06\/MERLocadora.png\" target=\"_blank\" rel=\"noopener noreferrer\">MER<\/a>\u00a0<strong>(\u00a0<\/strong><a href=\"http:\/\/marcelo.portalceilandia.com.br\/site\/wp-content\/uploads\/2018\/06\/locadora-sql.zip\" target=\"_blank\" rel=\"noopener noreferrer\">locadora.sql<\/a>\u00a0<strong>)<\/strong><\/li>\n<li><a href=\"http:\/\/marcelo.portalceilandia.com.br\/site\/wp-content\/uploads\/2018\/06\/DiagramaDeClasse.png\" target=\"_blank\" rel=\"noopener noreferrer\">Diagrama de Classe<\/a><\/li>\n<\/ul>\n","protected":false},"excerpt":{"rendered":"<p>Apostila Apostila de JAVA web da Caelum\u00a0&#8211; Unidade 2 &#8211;\u00a0Bancos de dados e JDBC Modelos de Classe 01-Heran\u00e7a 02-Agrega\u00e7\u00e3o 03-Abstrata 04-Interface 05-Banco de Dados Videoaulas &#8211; Orienta\u00e7\u00e3o \u00e0 Objetos Aula 01 &#8211; Encapsulamento, Heran\u00e7a e Polimorfismo Aula 02 &#8211; Implementando Exerc\u00edcio Pr\u00e1tico de Heran\u00e7a Aula 03 &#8211; Agrega\u00e7\u00e3o, Associa\u00e7\u00e3o e Composi\u00e7\u00e3o + Exerc\u00edcio Pr\u00e1tico Aula &hellip;<\/p>\n<p class=\"read-more\"> <a class=\"\" href=\"https:\/\/marcelo.portalceilandia.com.br\/site\/ltp2\/\"> <span class=\"screen-reader-text\">Linguagem T\u00e9cnica de Programa\u00e7\u00e3o II<\/span> Leia mais &raquo;<\/a><\/p>\n","protected":false},"author":1,"featured_media":0,"parent":0,"menu_order":15,"comment_status":"closed","ping_status":"closed","template":"","meta":{"om_disable_all_campaigns":false,"_mi_skip_tracking":false,"_monsterinsights_sitenote_active":false,"_monsterinsights_sitenote_note":"","_monsterinsights_sitenote_category":0,"site-sidebar-layout":"default","site-content-layout":"default","ast-global-header-display":"","ast-banner-title-visibility":"","ast-main-header-display":"","ast-hfb-above-header-display":"","ast-hfb-below-header-display":"","ast-hfb-mobile-header-display":"","site-post-title":"","ast-breadcrumbs-content":"","ast-featured-img":"","footer-sml-layout":"","theme-transparent-header-meta":"default","adv-header-id-meta":"","stick-header-meta":"","header-above-stick-meta":"","header-main-stick-meta":"","header-below-stick-meta":""},"aioseo_notices":[],"_links":{"self":[{"href":"https:\/\/marcelo.portalceilandia.com.br\/site\/wp-json\/wp\/v2\/pages\/115"}],"collection":[{"href":"https:\/\/marcelo.portalceilandia.com.br\/site\/wp-json\/wp\/v2\/pages"}],"about":[{"href":"https:\/\/marcelo.portalceilandia.com.br\/site\/wp-json\/wp\/v2\/types\/page"}],"author":[{"embeddable":true,"href":"https:\/\/marcelo.portalceilandia.com.br\/site\/wp-json\/wp\/v2\/users\/1"}],"replies":[{"embeddable":true,"href":"https:\/\/marcelo.portalceilandia.com.br\/site\/wp-json\/wp\/v2\/comments?post=115"}],"version-history":[{"count":67,"href":"https:\/\/marcelo.portalceilandia.com.br\/site\/wp-json\/wp\/v2\/pages\/115\/revisions"}],"predecessor-version":[{"id":508,"href":"https:\/\/marcelo.portalceilandia.com.br\/site\/wp-json\/wp\/v2\/pages\/115\/revisions\/508"}],"wp:attachment":[{"href":"https:\/\/marcelo.portalceilandia.com.br\/site\/wp-json\/wp\/v2\/media?parent=115"}],"curies":[{"name":"wp","href":"https:\/\/api.w.org\/{rel}","templated":true}]}}